{"id":2352,"date":"2019-04-17T10:49:42","date_gmt":"2019-04-17T10:49:42","guid":{"rendered":"https:\/\/rossine.com.br\/novo\/?page_id=2352"},"modified":"2025-02-20T22:27:07","modified_gmt":"2025-02-20T19:27:07","slug":"sobre-nos","status":"publish","type":"page","link":"https:\/\/rossine.com.br\/new\/sobre-nos\/","title":{"rendered":"Sobre N\u00f3s"},"content":{"rendered":"<div class=\"wpb-content-wrapper\"><p>[vc_row full_width=&#8221;stretch_row&#8221; css=&#8221;.vc_custom_1724616369099{margin-top: 0px !important;background-color: #1a1a1a !important;}&#8221;][vc_column][vc_empty_space height=&#8221;16px&#8221;][\/vc_column][\/vc_row][vc_row full_width=&#8221;stretch_row&#8221; el_class=&#8221;tm-wpcf7&#8243; css=&#8221;.vc_custom_1724616396753{background-color: #1a1a1a !important;}&#8221;][vc_column width=&#8221;1\/2&#8243;][vc_column_text]<span style=\"color: #ffffff;\">A <span style=\"color: #ffe800;\"><strong>Rossine Corretora de Seguros<\/strong><\/span> \u00e9 uma empresa especializada no ramo de seguros, que est\u00e1 a 40 anos no mercado e que oferece a forma mais econ\u00f4mica, tranquila e garantida de proteger o que voc\u00ea conquistou, o seu patrim\u00f4nio. Trabalhamos com 10 (dez) Companhias de Seguro e atendemos em todo territ\u00f3rio nacional, com todos os ramos de seguros:\u00a0<strong><span style=\"color: #ffe800;\">Autom\u00f3vel<\/span>, <span style=\"color: #ffe800;\">Vida<\/span>, <span style=\"color: #ffe800;\">Sa\u00fade<\/span>, <span style=\"color: #ffe800;\">Empresarial<\/span>, <span style=\"color: #ffe800;\">Residencial<\/span>, <span style=\"color: #ffe800;\">Fian\u00e7a<\/span> <span style=\"color: #ffe800;\">Lo<\/span><\/strong><strong><span style=\"color: #ffe800;\">cat\u00edcia<\/span>, <span style=\"color: #ffe800;\">Aparelhos<\/span> <span style=\"color: #ffe800;\">Eletr\u00f4nicos<\/span>, <span style=\"color: #ffe800;\">Cons\u00f3rcio<\/span><\/strong>, entre outros ramos elementares.<\/span><\/p>\n<p><span style=\"color: #ffffff;\"><span style=\"color: #ffe800;\"><b>Miss\u00e3o: <\/b><\/span>Oferecer constantemente satisfa\u00e7\u00e3o ao cliente de acordo com suas<\/span><br \/>\n<span style=\"color: #ffffff;\">necessidades de seguran\u00e7a, de conforto, garantido a tranquilidade. Al\u00e9m disso, queremos nos estabelecer de forma mais ben\u00e9fica ao consumidor no mercado de Imperatriz e regi\u00e3o por construir uma rela\u00e7\u00e3o de confian\u00e7a com o cliente.<\/span><\/p>\n<p><span style=\"color: #ffffff;\"><span style=\"color: #ffe800;\"><b>Vis\u00e3o: <\/b><\/span>Ser refer\u00eancia em administra\u00e7\u00e3o e vendas de seguros, de todos os ramos, reconhecida assim como a melhor op\u00e7\u00e3o em corretagem do Estado do Maranh\u00e3o.<\/span><\/p>\n<p><span style=\"color: #ffffff;\"><span style=\"color: #ffe800;\"><b>Valores: <\/b><\/span>Credibilidade, Valoriza\u00e7\u00e3o do Capital Humano, Integridade, Comprometimento e Transpar\u00eancia.<\/span>[\/vc_column_text][\/vc_column][vc_column width=&#8221;1\/2&#8243;][vc_single_image image=&#8221;2385&#8243; img_size=&#8221;full&#8221;][\/vc_column][\/vc_row][vc_row full_width=&#8221;stretch_row&#8221; css=&#8221;.vc_custom_1724616505873{padding-top: 60px !important;padding-bottom: 60px !important;background-color: #000000 !important;}&#8221;][vc_column el_class=&#8221;contact-page-info&#8221;][vc_row_inner][vc_column_inner width=&#8221;1\/2&#8243; css=&#8221;.vc_custom_1453343948782{padding-top: 35px !important;padding-right: 0px !important;padding-bottom: 35px !important;padding-left: 50px !important;}&#8221;][vc_custom_heading text=&#8221;Nossos endere\u00e7os&#8221; font_container=&#8221;tag:h3|font_size:22|text_align:left|color:%23ffe800&#8243; use_theme_fonts=&#8221;yes&#8221; el_class=&#8221;heading-left-grey font-weight-700&#8243; tm_font_weight=&#8221;600&#8243; tm_letter_spacing=&#8221;0px&#8221;][vc_column_text css=&#8221;.vc_custom_1724616529994{margin-top: 25px !important;margin-bottom: 0px !important;}&#8221;]<span style=\"color: #ffe800;\"><strong>Matriz<\/strong><\/span><\/p>\n<p id=\"u3874-7\"><span style=\"color: #ffffff;\">Av. Dorgival Pinheiro de Sousa, esquina c\/ Maranh\u00e3o,\u00a0 763-P<\/span><br \/>\n<span style=\"color: #ffffff;\">Centro &#8211; Imperatriz \u2013 MA<\/span><\/p>\n<p><span style=\"color: #ffffff;\"><i class=\"fa fa-phone\"><\/i> (99) 3523-1181<\/span><br \/>\n<span style=\"color: #ffffff;\"><i class=\"fa fa-whatsapp\"><\/i> (99) 99951-9000<\/span>[\/vc_column_text][vc_column_text css=&#8221;.vc_custom_1724616553232{margin-top: 25px !important;margin-bottom: 0px !important;}&#8221;]<span style=\"color: #ffe800;\"><strong>Filial<\/strong><\/span><\/p>\n<p id=\"u3874-7\"><span style=\"color: #ffffff;\">Avenida Jaime rios, 323<\/span><br \/>\n<span style=\"color: #ffffff;\">Parque Piau\u00ed &#8211; Timon \u2013 MA<\/span><\/p>\n<p><span style=\"color: #ffffff;\"><i class=\"fa fa-phone\"><\/i>(86) 3212-4954<\/span><br \/>\n<span style=\"color: #ffffff;\"><i class=\"fa fa-whatsapp\"><\/i> (99) 99951-9000<\/span><\/p>\n<p><i class=\"fa fa-envelope\"><\/i> <span style=\"color: #ffe800;\"><a style=\"color: #ffe800;\" href=\"mailto:contato@rossine.com.br\">contato@rossine.com.br<\/a><\/span>[\/vc_column_text][\/vc_column_inner][vc_column_inner width=&#8221;1\/2&#8243; css=&#8221;.vc_custom_1453342286346{padding-top: 0px !important;padding-right: 0px !important;padding-bottom: 0px !important;padding-left: 0px !important;}&#8221;][vc_single_image image=&#8221;2184&#8243; img_size=&#8221;full&#8221; alignment=&#8221;center&#8221; css_animation=&#8221;bottom-to-top&#8221; css=&#8221;.vc_custom_1552989595692{margin-top: 0px !important;margin-right: 0px !important;margin-bottom: 0px !important;margin-left: 0px !important;}&#8221;][\/vc_column_inner][\/vc_row_inner][\/vc_column][\/vc_row]<\/p>\n<\/div>","protected":false},"excerpt":{"rendered":"<p>[vc_row full_width=&#8221;stretch_row&#8221; css=&#8221;.vc_custom_1724616369099{margin-top: 0px !important;background-color: #1a1a1a !important;}&#8221;][vc_column][vc_empty_space height=&#8221;16px&#8221;][\/vc_column][\/vc_row][vc_row full_width=&#8221;stretch_row&#8221; el_class=&#8221;tm-wpcf7&#8243; css=&#8221;.vc_custom_1724616396753{background-color: #1a1a1a !important;}&#8221;][vc_column width=&#8221;1\/2&#8243;][vc_column_text]A Rossine Corretora de Seguros \u00e9 uma empresa especializada no ramo de seguros, que est\u00e1 a 40 anos no mercado e que oferece a forma mais econ\u00f4mica, tranquila e garantida de proteger o que voc\u00ea conquistou, o seu patrim\u00f4nio. Trabalhamos com 10 [&hellip;]<\/p>\n","protected":false},"author":1,"featured_media":0,"parent":0,"menu_order":0,"comment_status":"closed","ping_status":"closed","template":"","meta":{"footnotes":""},"class_list":["post-2352","page","type-page","status-publish","hentry"],"_links":{"self":[{"href":"https:\/\/rossine.com.br\/new\/wp-json\/wp\/v2\/pages\/2352","targetHints":{"allow":["GET"]}}],"collection":[{"href":"https:\/\/rossine.com.br\/new\/wp-json\/wp\/v2\/pages"}],"about":[{"href":"https:\/\/rossine.com.br\/new\/wp-json\/wp\/v2\/types\/page"}],"author":[{"embeddable":true,"href":"https:\/\/rossine.com.br\/new\/wp-json\/wp\/v2\/users\/1"}],"replies":[{"embeddable":true,"href":"https:\/\/rossine.com.br\/new\/wp-json\/wp\/v2\/comments?post=2352"}],"version-history":[{"count":0,"href":"https:\/\/rossine.com.br\/new\/wp-json\/wp\/v2\/pages\/2352\/revisions"}],"wp:attachment":[{"href":"https:\/\/rossine.com.br\/new\/wp-json\/wp\/v2\/media?parent=2352"}],"curies":[{"name":"wp","href":"https:\/\/api.w.org\/{rel}","templated":true}]}}