{"id":2056,"date":"2019-03-11T09:58:25","date_gmt":"2019-03-11T09:58:25","guid":{"rendered":"https:\/\/rossine.com.br\/novo\/?page_id=2056"},"modified":"2024-08-26T00:12:56","modified_gmt":"2024-08-25T21:12:56","slug":"vida","status":"publish","type":"page","link":"https:\/\/rossine.com.br\/new\/vida\/","title":{"rendered":"Vida"},"content":{"rendered":"<div class=\"wpb-content-wrapper\"><p>[vc_row full_width=&#8221;stretch_row&#8221; el_class=&#8221;tm-wpcf7&#8243; css=&#8221;.vc_custom_1724620336534{background-color: #1a1a1a !important;}&#8221;][vc_column][vc_single_image image=&#8221;2057&#8243; img_size=&#8221;685X600&#8243; alignment=&#8221;center&#8221;][vc_column_text]<\/p>\n<h1><span style=\"color: #ffe800;\">Vida<\/span><\/h1>\n<p>[\/vc_column_text][vc_column_text]<\/p>\n<p id=\"u5136-4\"><span style=\"color: #ffffff;\">Em nossa busca di\u00e1ria para construir um patrim\u00f4nio s\u00f3lido, devemos ficar atentos em preservar o padr\u00e3o de vida da fam\u00edlia no caso de nossa aus\u00eancia.<\/span><\/p>\n<p><span style=\"color: #ffffff;\">Para isso existem v\u00e1rios tipos de seguros de vida, como por exemplo especializados para mulheres e ap\u00f3lices em grupo para empresas, entre outros.<\/span><\/p>\n<p><span style=\"color: #ffffff;\">Este seguro deve fazer parte do planejamento de qualquer fam\u00edlia, pessoa ou empresa.<\/span>[\/vc_column_text][vc_column_text]<\/p>\n<h4 class=\"ps-headline ps-sm-mar--bottom ps-alignCenter\"><span style=\"color: #ffe800;\"><strong>Solicitar Contato para cota\u00e7\u00e3o<\/strong><\/span><\/h4>\n<p><span style=\"color: #ffffff;\">Fale conosco pelo WhatsApp (99) 99951-9000 <span style=\"color: #ffe800;\"><a style=\"color: #ffe800;\" href=\"https:\/\/api.whatsapp.com\/send?1=pt_BR&amp;phone=5599999519000\" target=\"_blank\" rel=\"noopener noreferrer\">clicando aqui<\/a><\/span>.<\/span><\/p>\n<p><span style=\"color: #ffffff;\">Fa\u00e7a uma cota\u00e7\u00e3o on line <span style=\"color: #ffe800;\"><a style=\"color: #ffe800;\" href=\"https:\/\/jrossine.aggilizador.com.br\/life\" target=\"_blank\" rel=\"noopener noreferrer\">clicando aqui<\/a><\/span>.<\/span><\/p>\n<p><span style=\"color: #ffffff;\">Ou deixe seus dados principais e um consultor entrar\u00e1 em contato em breve.<\/span>[\/vc_column_text]\n<div class=\"wpcf7 no-js\" id=\"wpcf7-f327-o1\" lang=\"en-US\" dir=\"ltr\" data-wpcf7-id=\"327\">\n<div class=\"screen-reader-response\"><p role=\"status\" aria-live=\"polite\" aria-atomic=\"true\"><\/p> <ul><\/ul><\/div>\n<form action=\"\/new\/wp-json\/wp\/v2\/pages\/2056#wpcf7-f327-o1\" method=\"post\" class=\"wpcf7-form init\" aria-label=\"Contact form\" novalidate=\"novalidate\" data-status=\"init\">\n<div style=\"display: none;\">\n<input type=\"hidden\" name=\"_wpcf7\" value=\"327\" \/>\n<input type=\"hidden\" name=\"_wpcf7_version\" value=\"6.0.6\" \/>\n<input type=\"hidden\" name=\"_wpcf7_locale\" value=\"en_US\" \/>\n<input type=\"hidden\" name=\"_wpcf7_unit_tag\" value=\"wpcf7-f327-o1\" \/>\n<input type=\"hidden\" name=\"_wpcf7_container_post\" value=\"0\" \/>\n<input type=\"hidden\" name=\"_wpcf7_posted_data_hash\" value=\"\" \/>\n<input type=\"hidden\" name=\"_wpcf7cf_hidden_group_fields\" value=\"[]\" \/>\n<input type=\"hidden\" name=\"_wpcf7cf_hidden_groups\" value=\"[]\" \/>\n<input type=\"hidden\" name=\"_wpcf7cf_visible_groups\" value=\"[]\" \/>\n<input type=\"hidden\" name=\"_wpcf7cf_repeaters\" value=\"[]\" \/>\n<input type=\"hidden\" name=\"_wpcf7cf_steps\" value=\"{}\" \/>\n<input type=\"hidden\" name=\"_wpcf7cf_options\" value=\"{&quot;form_id&quot;:327,&quot;conditions&quot;:[],&quot;settings&quot;:{&quot;animation&quot;:&quot;yes&quot;,&quot;animation_intime&quot;:200,&quot;animation_outtime&quot;:200,&quot;conditions_ui&quot;:&quot;normal&quot;,&quot;notice_dismissed&quot;:false}}\" \/>\n<\/div>\n<p><span class=\"wpcf7-form-control-wrap\" data-name=\"your-name\"><input size=\"40\" maxlength=\"400\" class=\"wpcf7-form-control wpcf7-text wpcf7-validates-as-required\" aria-required=\"true\" aria-invalid=\"false\" placeholder=\"Seu nome (requerido)\" value=\"\" type=\"text\" name=\"your-name\" \/><\/span>\n<\/p>\n<p><span class=\"wpcf7-form-control-wrap\" data-name=\"your-email\"><input size=\"40\" maxlength=\"400\" class=\"wpcf7-form-control wpcf7-email wpcf7-validates-as-required wpcf7-text wpcf7-validates-as-email\" aria-required=\"true\" aria-invalid=\"false\" placeholder=\"Seu Email (requerido)\" value=\"\" type=\"email\" name=\"your-email\" \/><\/span>\n<\/p>\n<p><span class=\"wpcf7-form-control-wrap\" data-name=\"subject\"><input size=\"40\" maxlength=\"400\" class=\"wpcf7-form-control wpcf7-text wpcf7-validates-as-required\" aria-required=\"true\" aria-invalid=\"false\" placeholder=\"Assunto\" value=\"\" type=\"text\" name=\"subject\" \/><\/span>\n<\/p>\n<p><span class=\"wpcf7-form-control-wrap\" data-name=\"message\"><input size=\"40\" maxlength=\"400\" class=\"wpcf7-form-control wpcf7-text\" aria-invalid=\"false\" placeholder=\"Sua mensagem\" value=\"\" type=\"text\" name=\"message\" \/><\/span>\n<\/p>\n<p><input class=\"wpcf7-form-control wpcf7-submit has-spinner\" type=\"submit\" value=\"Enviar\" \/>\n<\/p><input type='hidden' class='wpcf7-pum' value='{\"closepopup\":false,\"closedelay\":0,\"openpopup\":false,\"openpopup_id\":0}' \/><div class=\"wpcf7-response-output\" aria-hidden=\"true\"><\/div>\n<\/form>\n<\/div>\n[\/vc_column][\/vc_row]<\/p>\n<\/div>","protected":false},"excerpt":{"rendered":"<p>[vc_row full_width=&#8221;stretch_row&#8221; el_class=&#8221;tm-wpcf7&#8243; css=&#8221;.vc_custom_1724620336534{background-color: #1a1a1a !important;}&#8221;][vc_column][vc_single_image image=&#8221;2057&#8243; img_size=&#8221;685X600&#8243; alignment=&#8221;center&#8221;][vc_column_text] Vida [\/vc_column_text][vc_column_text] Em nossa busca di\u00e1ria para construir um patrim\u00f4nio s\u00f3lido, devemos ficar atentos em preservar o padr\u00e3o de vida da fam\u00edlia no caso de nossa aus\u00eancia. Para isso existem v\u00e1rios tipos de seguros de vida, como por exemplo especializados para mulheres e ap\u00f3lices em grupo [&hellip;]<\/p>\n","protected":false},"author":1,"featured_media":0,"parent":0,"menu_order":0,"comment_status":"closed","ping_status":"closed","template":"","meta":{"footnotes":""},"class_list":["post-2056","page","type-page","status-publish","hentry"],"_links":{"self":[{"href":"https:\/\/rossine.com.br\/new\/wp-json\/wp\/v2\/pages\/2056","targetHints":{"allow":["GET"]}}],"collection":[{"href":"https:\/\/rossine.com.br\/new\/wp-json\/wp\/v2\/pages"}],"about":[{"href":"https:\/\/rossine.com.br\/new\/wp-json\/wp\/v2\/types\/page"}],"author":[{"embeddable":true,"href":"https:\/\/rossine.com.br\/new\/wp-json\/wp\/v2\/users\/1"}],"replies":[{"embeddable":true,"href":"https:\/\/rossine.com.br\/new\/wp-json\/wp\/v2\/comments?post=2056"}],"version-history":[{"count":0,"href":"https:\/\/rossine.com.br\/new\/wp-json\/wp\/v2\/pages\/2056\/revisions"}],"wp:attachment":[{"href":"https:\/\/rossine.com.br\/new\/wp-json\/wp\/v2\/media?parent=2056"}],"curies":[{"name":"wp","href":"https:\/\/api.w.org\/{rel}","templated":true}]}}