{"id":1989,"date":"2019-03-04T21:43:18","date_gmt":"2019-03-04T21:43:18","guid":{"rendered":"https:\/\/rossine.com.br\/novo\/?page_id=1989"},"modified":"2024-08-26T00:08:10","modified_gmt":"2024-08-25T21:08:10","slug":"automovel","status":"publish","type":"page","link":"https:\/\/rossine.com.br\/new\/automovel\/","title":{"rendered":"Autom\u00f3vel"},"content":{"rendered":"<div class=\"wpb-content-wrapper\"><p>[vc_row full_width=&#8221;stretch_row&#8221; el_class=&#8221;tm-wpcf7&#8243; css=&#8221;.vc_custom_1724619879477{background-color: #1a1a1a !important;}&#8221;][vc_column][vc_single_image image=&#8221;2016&#8243; img_size=&#8221;685X600&#8243; alignment=&#8221;center&#8221;][vc_column_text]<\/p>\n<h1><span style=\"color: #ffe800;\">Autom\u00f3vel<\/span><\/h1>\n<p>[\/vc_column_text][vc_column_text]<span style=\"color: #ffffff;\">Seu carro merece a melhor prote\u00e7\u00e3o para voc\u00ea rodar tranquilo. Conte com a gente para obter o melhor custo-benef\u00edcio e dimensionar coberturas corretas que n\u00e3o te deixem na m\u00e3o em um eventual sinistro.<\/span><\/p>\n<p><span style=\"color: #ffffff;\">O seguro de autom\u00f3veis \u00e9 hoje um pacote completo de servi\u00e7os, que v\u00e3o al\u00e9m da reposi\u00e7\u00e3o do seu carro em caso de furto, roubo ou perda total, ou mesmo da repara\u00e7\u00e3o em caso de colis\u00e3o.<\/span><\/p>\n<p id=\"u3094-7\"><span style=\"color: #ffffff;\">Quem tem este seguro conta com benef\u00edcios diversos, como assist\u00eancia em caso de pane ou acidente e descontos em v\u00e1rios tipos de estabelecimentos.<\/span><\/p>\n<div class=\"ps-row ps-panel-ctt\">\n<p><span style=\"color: #ffffff;\"><strong>Prote\u00e7\u00e3o b\u00e1sica<\/strong><\/span><br \/>\n<span style=\"color: #ffffff;\">Cobertura de indeniza\u00e7\u00e3o integral e parcial decorrente de colis\u00e3o, inc\u00eandio, roubo, furto e alagamento.<\/span><\/p>\n<p><span style=\"color: #ffffff;\"><strong>Danos a Terceiros<br \/>\n<\/strong>Cobertura para danos materiais e danos corporais decorrentes de acidentes com terceiros.<\/span><\/p>\n<p><span style=\"color: #ffffff;\"><strong>Acidentes Pessoais de Passageiros<\/strong><\/span><br \/>\n<span style=\"color: #ffffff;\">Cobertura para danos corporais causados aos passageiros em raz\u00e3o de acidente com o ve\u00edculo segurado.<\/span><\/p>\n<p><span style=\"color: #ffffff;\"><strong>Carro Reserva<\/strong><\/span><br \/>\n<span style=\"color: #ffffff;\">Cobertura que garante, em caso de sinistro, a loca\u00e7\u00e3o de um ve\u00edculo conforme contratado na ap\u00f3lice, por 7, 15 ou 30 dias.<\/span><\/p>\n<p><span style=\"color: #ffffff;\"><strong>Prote\u00e7\u00e3o aos Vidros<\/strong><\/span><br \/>\n<span style=\"color: #ffffff;\">Cobertura que prev\u00ea a troca ou reparo em caso de danos aos vidros, \u00e0s lanternas, aos far\u00f3is e aos retrovisores.<\/span><\/p>\n<p><span style=\"color: #ffffff;\"><strong>Inc\u00eandio, Roubo e Furto<br \/>\n<\/strong>Cobertura que garante o reembolso de despesas que voc\u00ea possa vir a ter em caso de sinistro de indeniza\u00e7\u00e3o integral, at\u00e9 o limite m\u00e1ximo previsto na ap\u00f3lice.<\/span><\/p>\n<p><span style=\"color: #ffffff;\"><strong>Assist\u00eancia 24h<br \/>\n<\/strong>Com o Seguro de Autom\u00f3vel voc\u00ea tem agilidade de atendimento no envio de guincho ou t\u00e9cnico para:<\/span><\/p>\n<ul class=\"ps-list\">\n<li><span style=\"color: #ffffff;\">problemas mec\u00e2nicos;<\/span><\/li>\n<li><span style=\"color: #ffffff;\">problemas el\u00e9tricos;<\/span><\/li>\n<li><span style=\"color: #ffffff;\">falta de combust\u00edvel;<\/span><\/li>\n<li><span style=\"color: #ffffff;\">troca de pneus;<\/span><\/li>\n<li><span style=\"color: #ffffff;\">troca de bateria;<\/span><\/li>\n<li><span style=\"color: #ffffff;\">chaveiro.<\/span><\/li>\n<\/ul>\n<\/div>\n<p>[\/vc_column_text][vc_column_text]<\/p>\n<h4 class=\"ps-headline ps-sm-mar--bottom ps-alignCenter\"><span style=\"color: #ffe800;\"><strong>Solicitar Contato para cota\u00e7\u00e3o<\/strong><\/span><\/h4>\n<p><span style=\"color: #ffffff;\">Fale conosco pelo WhatsApp (99) 99951-9000 <span style=\"color: #ffe800;\"><a style=\"color: #ffe800;\" href=\"https:\/\/api.whatsapp.com\/send?1=pt_BR&amp;phone=5599999519000\" target=\"_blank\" rel=\"noopener noreferrer\">clicando aqui<\/a><\/span>.<\/span><\/p>\n<p><span style=\"color: #ffffff;\">Fa\u00e7a uma cota\u00e7\u00e3o on line <span style=\"color: #ffe800;\"><a style=\"color: #ffe800;\" href=\"https:\/\/jrossine.aggilizador.com.br\/auto\" target=\"_blank\" rel=\"noopener noreferrer\">clicando aqui<\/a><\/span>.<\/span><\/p>\n<p><span style=\"color: #ffffff;\">Ou deixe seus dados principais e um consultor entrar\u00e1 em contato em breve.<\/span>[\/vc_column_text]\n<div class=\"wpcf7 no-js\" id=\"wpcf7-f327-o1\" lang=\"en-US\" dir=\"ltr\" data-wpcf7-id=\"327\">\n<div class=\"screen-reader-response\"><p role=\"status\" aria-live=\"polite\" aria-atomic=\"true\"><\/p> <ul><\/ul><\/div>\n<form action=\"\/new\/wp-json\/wp\/v2\/pages\/1989#wpcf7-f327-o1\" method=\"post\" class=\"wpcf7-form init\" aria-label=\"Contact form\" novalidate=\"novalidate\" data-status=\"init\">\n<div style=\"display: none;\">\n<input type=\"hidden\" name=\"_wpcf7\" value=\"327\" \/>\n<input type=\"hidden\" name=\"_wpcf7_version\" value=\"6.0.6\" \/>\n<input type=\"hidden\" name=\"_wpcf7_locale\" value=\"en_US\" \/>\n<input type=\"hidden\" name=\"_wpcf7_unit_tag\" value=\"wpcf7-f327-o1\" \/>\n<input type=\"hidden\" name=\"_wpcf7_container_post\" value=\"0\" \/>\n<input type=\"hidden\" name=\"_wpcf7_posted_data_hash\" value=\"\" \/>\n<input type=\"hidden\" name=\"_wpcf7cf_hidden_group_fields\" value=\"[]\" \/>\n<input type=\"hidden\" name=\"_wpcf7cf_hidden_groups\" value=\"[]\" \/>\n<input type=\"hidden\" name=\"_wpcf7cf_visible_groups\" value=\"[]\" \/>\n<input type=\"hidden\" name=\"_wpcf7cf_repeaters\" value=\"[]\" \/>\n<input type=\"hidden\" name=\"_wpcf7cf_steps\" value=\"{}\" \/>\n<input type=\"hidden\" name=\"_wpcf7cf_options\" value=\"{&quot;form_id&quot;:327,&quot;conditions&quot;:[],&quot;settings&quot;:{&quot;animation&quot;:&quot;yes&quot;,&quot;animation_intime&quot;:200,&quot;animation_outtime&quot;:200,&quot;conditions_ui&quot;:&quot;normal&quot;,&quot;notice_dismissed&quot;:false}}\" \/>\n<\/div>\n<p><span class=\"wpcf7-form-control-wrap\" data-name=\"your-name\"><input size=\"40\" maxlength=\"400\" class=\"wpcf7-form-control wpcf7-text wpcf7-validates-as-required\" aria-required=\"true\" aria-invalid=\"false\" placeholder=\"Seu nome (requerido)\" value=\"\" type=\"text\" name=\"your-name\" \/><\/span>\n<\/p>\n<p><span class=\"wpcf7-form-control-wrap\" data-name=\"your-email\"><input size=\"40\" maxlength=\"400\" class=\"wpcf7-form-control wpcf7-email wpcf7-validates-as-required wpcf7-text wpcf7-validates-as-email\" aria-required=\"true\" aria-invalid=\"false\" placeholder=\"Seu Email (requerido)\" value=\"\" type=\"email\" name=\"your-email\" \/><\/span>\n<\/p>\n<p><span class=\"wpcf7-form-control-wrap\" data-name=\"subject\"><input size=\"40\" maxlength=\"400\" class=\"wpcf7-form-control wpcf7-text wpcf7-validates-as-required\" aria-required=\"true\" aria-invalid=\"false\" placeholder=\"Assunto\" value=\"\" type=\"text\" name=\"subject\" \/><\/span>\n<\/p>\n<p><span class=\"wpcf7-form-control-wrap\" data-name=\"message\"><input size=\"40\" maxlength=\"400\" class=\"wpcf7-form-control wpcf7-text\" aria-invalid=\"false\" placeholder=\"Sua mensagem\" value=\"\" type=\"text\" name=\"message\" \/><\/span>\n<\/p>\n<p><input class=\"wpcf7-form-control wpcf7-submit has-spinner\" type=\"submit\" value=\"Enviar\" \/>\n<\/p><input type='hidden' class='wpcf7-pum' value='{\"closepopup\":false,\"closedelay\":0,\"openpopup\":false,\"openpopup_id\":0}' \/><div class=\"wpcf7-response-output\" aria-hidden=\"true\"><\/div>\n<\/form>\n<\/div>\n[\/vc_column][\/vc_row]<\/p>\n<\/div>","protected":false},"excerpt":{"rendered":"<p>[vc_row full_width=&#8221;stretch_row&#8221; el_class=&#8221;tm-wpcf7&#8243; css=&#8221;.vc_custom_1724619879477{background-color: #1a1a1a !important;}&#8221;][vc_column][vc_single_image image=&#8221;2016&#8243; img_size=&#8221;685X600&#8243; alignment=&#8221;center&#8221;][vc_column_text] Autom\u00f3vel [\/vc_column_text][vc_column_text]Seu carro merece a melhor prote\u00e7\u00e3o para voc\u00ea rodar tranquilo. Conte com a gente para obter o melhor custo-benef\u00edcio e dimensionar coberturas corretas que n\u00e3o te deixem na m\u00e3o em um eventual sinistro. O seguro de autom\u00f3veis \u00e9 hoje um pacote completo de servi\u00e7os, que [&hellip;]<\/p>\n","protected":false},"author":1,"featured_media":0,"parent":0,"menu_order":0,"comment_status":"closed","ping_status":"closed","template":"","meta":{"footnotes":""},"class_list":["post-1989","page","type-page","status-publish","hentry"],"_links":{"self":[{"href":"https:\/\/rossine.com.br\/new\/wp-json\/wp\/v2\/pages\/1989","targetHints":{"allow":["GET"]}}],"collection":[{"href":"https:\/\/rossine.com.br\/new\/wp-json\/wp\/v2\/pages"}],"about":[{"href":"https:\/\/rossine.com.br\/new\/wp-json\/wp\/v2\/types\/page"}],"author":[{"embeddable":true,"href":"https:\/\/rossine.com.br\/new\/wp-json\/wp\/v2\/users\/1"}],"replies":[{"embeddable":true,"href":"https:\/\/rossine.com.br\/new\/wp-json\/wp\/v2\/comments?post=1989"}],"version-history":[{"count":0,"href":"https:\/\/rossine.com.br\/new\/wp-json\/wp\/v2\/pages\/1989\/revisions"}],"wp:attachment":[{"href":"https:\/\/rossine.com.br\/new\/wp-json\/wp\/v2\/media?parent=1989"}],"curies":[{"name":"wp","href":"https:\/\/api.w.org\/{rel}","templated":true}]}}